{"id":12,"date":"2023-05-08T15:29:03","date_gmt":"2023-05-08T15:29:03","guid":{"rendered":"https:\/\/violaderoda.cat\/?page_id=12"},"modified":"2026-02-02T11:15:55","modified_gmt":"2026-02-02T11:15:55","slug":"pagina-principal-viola-de-roda","status":"publish","type":"page","link":"https:\/\/violaderoda.cat\/","title":{"rendered":"P\u00e0gina principal &#8211; Viola de Roda"},"content":{"rendered":"<p>[vc_row row_height_percent=&#8221;80&#8243; override_padding=&#8221;yes&#8221; h_padding=&#8221;2&#8243; top_padding=&#8221;2&#8243; bottom_padding=&#8221;5&#8243; back_image=&#8221;75&#8243; parallax=&#8221;yes&#8221; kburns=&#8221;magnetic&#8221; overlay_color=&#8221;color-prif&#8221; overlay_alpha=&#8221;60&#8243; gutter_size=&#8221;3&#8243; column_width_percent=&#8221;100&#8243; shift_y=&#8221;0&#8243; z_index=&#8221;0&#8243; uncode_shortcode_id=&#8221;180984&#8243; overlay_color_type=&#8221;uncode-palette&#8221;][vc_column column_width_percent=&#8221;100&#8243; position_vertical=&#8221;middle&#8221; gutter_size=&#8221;3&#8243; overlay_alpha=&#8221;50&#8243; shift_x=&#8221;0&#8243; shift_y=&#8221;0&#8243; shift_y_down=&#8221;0&#8243; z_index=&#8221;0&#8243; medium_width=&#8221;0&#8243; mobile_width=&#8221;0&#8243; width=&#8221;1\/1&#8243; uncode_shortcode_id=&#8221;207576&#8243;][vc_row_inner row_inner_height_percent=&#8221;0&#8243; overlay_alpha=&#8221;50&#8243; gutter_size=&#8221;4&#8243; shift_y=&#8221;0&#8243; z_index=&#8221;0&#8243; limit_content=&#8221;&#8221; uncode_shortcode_id=&#8221;287567&#8243;][vc_column_inner column_width_percent=&#8221;100&#8243; gutter_size=&#8221;3&#8243; overlay_alpha=&#8221;50&#8243; shift_x=&#8221;0&#8243; shift_y=&#8221;0&#8243; shift_y_down=&#8221;0&#8243; z_index=&#8221;0&#8243; medium_width=&#8221;0&#8243; mobile_width=&#8221;0&#8243; width=&#8221;1\/2&#8243; uncode_shortcode_id=&#8221;155128&#8243;][vc_custom_heading text_color=&#8221;color-xsdn&#8221; uncode_shortcode_id=&#8221;192492&#8243; text_color_type=&#8221;uncode-palette&#8221;]<\/p>\n<h3 data-start=\"183\" data-end=\"277\"><mark>Curs de viola de roda amb Steve Tyler<\/mark><\/h3>\n<p>[\/vc_custom_heading][vc_button button_color=&#8221;color-137443&#8243; size=&#8221;btn-xl&#8221; border_width=&#8221;0&#8243; link=&#8221;url:https%3A%2F%2Fdocs.google.com%2Fforms%2Fd%2F1PUXWLBqTnBfroKcuaOPRd3k8AMSIuAIq35d_haqD4Lc%2Fedit|target:_blank|rel:nofollow&#8221; button_color_type=&#8221;uncode-palette&#8221; uncode_shortcode_id=&#8221;901584&#8243;]REGISTRA&#8217;T[\/vc_button][vc_column_text text_color=&#8221;color-xsdn&#8221; uncode_shortcode_id=&#8221;149327&#8243; text_color_type=&#8221;uncode-palette&#8221;]<\/p>\n<p data-start=\"183\" data-end=\"277\">\ud83d\udccd Fundaci\u00f3 Maur\u00ed, La Garriga<br data-start=\"256\" data-end=\"259\" \/>\ud83d\udcc5 13 i 14 de juny<\/p>\n<p data-start=\"279\" data-end=\"515\">La Garriga acollir\u00e0 aquest mes de juny un curs intensiu de viola de roda impartit pel reconegut mestre <mark>Steve Tyler<\/mark>, una figura de refer\u00e8ncia internacional en la interpretaci\u00f3 i la pedagogia de l\u2019instrument.<\/p>\n<p data-start=\"517\" data-end=\"783\">Durant dues jornades de treball, el curs se centrar\u00e0 en aspectes t\u00e8cnics i musicals clau, s&#8217;accepten tots els nivells<\/p>\n<p data-start=\"785\" data-end=\"915\">El curs tindr\u00e0 lloc a la <mark><span class=\"hover:entity-accent entity-underline inline cursor-pointer align-baseline\"><span class=\"whitespace-normal\">Fundaci\u00f3 Maur\u00ed<\/span><\/span>,<\/mark>\u00a0un espai privilegiat per a l\u2019estudi i la concentraci\u00f3 musical.<\/p>\n<p><iframe title=\"YouTube video player\" src=\"https:\/\/www.youtube.com\/embed\/UngRympTm0Y?si=h3P0JiIFLTtGJA2M\" width=\"560\" height=\"315\" frameborder=\"0\" allowfullscreen=\"allowfullscreen\"><\/iframe><\/p>\n<p data-start=\"917\" data-end=\"1102\"><mark>\ud83d\udccc Allotjament<\/mark><br data-start=\"935\" data-end=\"938\" \/>Enguany no podem oferir allotjament, per\u00f2 facilitarem diverses opcions econ\u00f2miques per a les persones que necessitin quedar-se a dormir a La Garriga o als voltants.<\/p>\n<p data-start=\"1104\" data-end=\"1225\">Una oportunitat \u00fanica per treballar amb un dels grans especialistes de la viola de roda en un entorn proper i inspirador.<\/p>\n<p>[\/vc_column_text][\/vc_column_inner][vc_column_inner width=&#8221;1\/2&#8243;][vc_single_image media=&#8221;243&#8243; media_width_percent=&#8221;100&#8243; uncode_shortcode_id=&#8221;165281&#8243;][vc_empty_space empty_h=&#8221;5&#8243;][vc_empty_space empty_h=&#8221;5&#8243;][\/vc_column_inner][\/vc_row_inner][\/vc_column][\/vc_row][vc_row][vc_column width=&#8221;1\/1&#8243;][uncode_block id=&#8221;107&#8243;][\/vc_column][\/vc_row][vc_row row_height_percent=&#8221;0&#8243; override_padding=&#8221;yes&#8221; h_padding=&#8221;2&#8243; top_padding=&#8221;3&#8243; bottom_padding=&#8221;3&#8243; back_color=&#8221;color-xsdn&#8221; overlay_alpha=&#8221;50&#8243; gutter_size=&#8221;3&#8243; column_width_percent=&#8221;100&#8243; shift_y=&#8221;0&#8243; z_index=&#8221;0&#8243; uncode_shortcode_id=&#8221;617994&#8243; back_color_type=&#8221;uncode-palette&#8221;][vc_column width=&#8221;1\/1&#8243;][vc_row_inner limit_content=&#8221;&#8221;][vc_column_inner width=&#8221;1\/3&#8243;][\/vc_column_inner][vc_column_inner width=&#8221;1\/3&#8243;][\/vc_column_inner][\/vc_row_inner][\/vc_column][\/vc_row][vc_row row_height_percent=&#8221;0&#8243; override_padding=&#8221;yes&#8221; h_padding=&#8221;2&#8243; top_padding=&#8221;3&#8243; bottom_padding=&#8221;3&#8243; back_image=&#8221;96&#8243; parallax=&#8221;yes&#8221; overlay_color=&#8221;color-364166&#8243; overlay_alpha=&#8221;95&#8243; gutter_size=&#8221;3&#8243; column_width_percent=&#8221;100&#8243; shift_y=&#8221;0&#8243; z_index=&#8221;0&#8243; uncode_shortcode_id=&#8221;214299&#8243; overlay_color_type=&#8221;uncode-palette&#8221;][vc_column width=&#8221;1\/1&#8243;][vc_custom_heading text_color=&#8221;color-xsdn&#8221; heading_semantic=&#8221;h6&#8243; text_size=&#8221;h6&#8243; uncode_shortcode_id=&#8221;570980&#8243; text_color_type=&#8221;uncode-palette&#8221;]QUE FEM[\/vc_custom_heading][vc_row_inner row_inner_height_percent=&#8221;0&#8243; overlay_alpha=&#8221;50&#8243; gutter_size=&#8221;4&#8243; shift_y=&#8221;0&#8243; z_index=&#8221;0&#8243; limit_content=&#8221;&#8221; uncode_shortcode_id=&#8221;162878&#8243;][vc_column_inner width=&#8221;1\/2&#8243;][vc_single_image media=&#8221;87&#8243; media_width_percent=&#8221;100&#8243; uncode_shortcode_id=&#8221;167073&#8243;][\/vc_column_inner][vc_column_inner width=&#8221;1\/2&#8243;][vc_custom_heading text_color=&#8221;color-xsdn&#8221; text_font=&#8221;font-908812&#8243; uncode_shortcode_id=&#8221;156734&#8243; text_color_type=&#8221;uncode-palette&#8221;]La AVRC a les escoles de m\u00fasica[\/vc_custom_heading][vc_column_text text_lead=&#8221;small&#8221; text_color=&#8221;color-xsdn&#8221; uncode_shortcode_id=&#8221;117845&#8243; text_color_type=&#8221;uncode-palette&#8221;]&#8221;Un dels principals objectius de la nostra associaci\u00f3 \u00e9s donar a con\u00e8ixer la viola de roda a les escoles de m\u00fasica de Catalunya. Mitjan\u00e7ant tallers, concerts educatius i recursos did\u00e0ctics, promovem la descoberta d&#8217;aquest instrument tradicional catal\u00e0 entre els estudiants. Volem inspirar les noves generacions de m\u00fasics, fomentant l&#8217;aprenentatge i l&#8217;apreciaci\u00f3 de la riquesa musical de la nostra cultura.&#8221;[\/vc_column_text][vc_button button_color=&#8221;color-xsdn&#8221; radius=&#8221;btn-circle&#8221; outline=&#8221;yes&#8221; border_width=&#8221;0&#8243; button_color_type=&#8221;uncode-palette&#8221; uncode_shortcode_id=&#8221;168411&#8243;]Sobre nosaltres[\/vc_button][\/vc_column_inner][\/vc_row_inner][\/vc_column][\/vc_row][vc_row row_height_percent=&#8221;0&#8243; override_padding=&#8221;yes&#8221; h_padding=&#8221;2&#8243; top_padding=&#8221;3&#8243; bottom_padding=&#8221;3&#8243; back_color=&#8221;color-xsdn&#8221; overlay_alpha=&#8221;50&#8243; gutter_size=&#8221;3&#8243; column_width_percent=&#8221;100&#8243; shift_y=&#8221;0&#8243; z_index=&#8221;0&#8243; uncode_shortcode_id=&#8221;231502&#8243; back_color_type=&#8221;uncode-palette&#8221;][vc_column width=&#8221;1\/1&#8243;][vc_custom_heading text_color=&#8221;color-137443&#8243; heading_semantic=&#8221;h6&#8243; text_size=&#8221;h6&#8243; uncode_shortcode_id=&#8221;320914&#8243; text_color_type=&#8221;uncode-palette&#8221;]COM AJUDAR[\/vc_custom_heading][vc_row_inner row_inner_height_percent=&#8221;0&#8243; overlay_alpha=&#8221;50&#8243; gutter_size=&#8221;4&#8243; shift_y=&#8221;0&#8243; z_index=&#8221;0&#8243; limit_content=&#8221;&#8221; uncode_shortcode_id=&#8221;162878&#8243;][vc_column_inner width=&#8221;1\/2&#8243;][vc_custom_heading text_color=&#8221;color-jevc&#8221; text_font=&#8221;font-908812&#8243; uncode_shortcode_id=&#8221;110292&#8243; text_color_type=&#8221;uncode-palette&#8221;]Comptem amb tu per seguir conscienciant i visibilitzant[\/vc_custom_heading][vc_column_text text_lead=&#8221;small&#8221; text_color=&#8221;color-wvjs&#8221; uncode_shortcode_id=&#8221;209327&#8243; text_color_type=&#8221;uncode-palette&#8221;]Us convidem a unir-vos a la nostra missi\u00f3 per preservar i promoure la rica her\u00e8ncia musical de Catalunya. Amb el vostre suport, podem continuar el nostre treball a les escoles, enfortir el coneixement sobre la viola de roda i inspirar les futures generacions de m\u00fasics.<\/p>\n<p>Us encoratgem a compartir la nostra causa, participar en els nostres esdeveniments i fer-vos socis per ajudar-nos a assolir els nostres objectius. Cadascuna de les vostres accions compta i contribueix a fer cr\u00e9ixer aquesta meravellosa comunitat musical.<\/p>\n<p>Gr\u00e0cies per la vostra col\u00b7laboraci\u00f3 i suport continu.[\/vc_column_text][vc_button button_color=&#8221;color-364166&#8243; radius=&#8221;btn-circle&#8221; border_width=&#8221;0&#8243; button_color_type=&#8221;uncode-palette&#8221; uncode_shortcode_id=&#8221;207712&#8243; link=&#8221;url:https%3A%2F%2Fvioladeroda.cat%2Fwp-content%2Fuploads%2F2023%2F11%2FALTA-SOCI-OMPLIBLE-DIGITAL-1-1.pdf|target:_blank&#8221;]FES-TE SOCI[\/vc_button][\/vc_column_inner][vc_column_inner width=&#8221;1\/2&#8243;][vc_single_image media=&#8221;93&#8243; media_width_percent=&#8221;100&#8243; uncode_shortcode_id=&#8221;605132&#8243;][\/vc_column_inner][\/vc_row_inner][\/vc_column][\/vc_row]<\/p>\n","protected":false},"excerpt":{"rendered":"<p>[vc_row row_height_percent=&#8221;80&#8243; override_padding=&#8221;yes&#8221; h_padding=&#8221;2&#8243; top_padding=&#8221;2&#8243; bottom_padding=&#8221;5&#8243; back_image=&#8221;75&#8243; parallax=&#8221;yes&#8221; kburns=&#8221;magnetic&#8221; overlay_color=&#8221;color-prif&#8221; overlay_alpha=&#8221;60&#8243; gutter_size=&#8221;3&#8243; column_width_percent=&#8221;100&#8243; shift_y=&#8221;0&#8243; z_index=&#8221;0&#8243; uncode_shortcode_id=&#8221;180984&#8243; overlay_color_type=&#8221;uncode-palette&#8221;][vc_column column_width_percent=&#8221;100&#8243; position_vertical=&#8221;middle&#8221; gutter_size=&#8221;3&#8243; [&hellip;]<\/p>\n","protected":false},"author":1,"featured_media":0,"parent":0,"menu_order":0,"comment_status":"closed","ping_status":"closed","template":"","meta":[],"_links":{"self":[{"href":"https:\/\/violaderoda.cat\/index.php\/wp-json\/wp\/v2\/pages\/12"}],"collection":[{"href":"https:\/\/violaderoda.cat\/index.php\/wp-json\/wp\/v2\/pages"}],"about":[{"href":"https:\/\/violaderoda.cat\/index.php\/wp-json\/wp\/v2\/types\/page"}],"author":[{"embeddable":true,"href":"https:\/\/violaderoda.cat\/index.php\/wp-json\/wp\/v2\/users\/1"}],"replies":[{"embeddable":true,"href":"https:\/\/violaderoda.cat\/index.php\/wp-json\/wp\/v2\/comments?post=12"}],"version-history":[{"count":64,"href":"https:\/\/violaderoda.cat\/index.php\/wp-json\/wp\/v2\/pages\/12\/revisions"}],"predecessor-version":[{"id":252,"href":"https:\/\/violaderoda.cat\/index.php\/wp-json\/wp\/v2\/pages\/12\/revisions\/252"}],"wp:attachment":[{"href":"https:\/\/violaderoda.cat\/index.php\/wp-json\/wp\/v2\/media?parent=12"}],"curies":[{"name":"wp","href":"https:\/\/api.w.org\/{rel}","templated":true}]}}