{"id":16,"date":"2023-05-08T15:35:23","date_gmt":"2023-05-08T15:35:23","guid":{"rendered":"https:\/\/violaderoda.cat\/?page_id=16"},"modified":"2023-11-14T09:13:49","modified_gmt":"2023-11-14T09:13:49","slug":"qui-som","status":"publish","type":"page","link":"https:\/\/violaderoda.cat\/index.php\/qui-som\/","title":{"rendered":"Qui som"},"content":{"rendered":"<p>Benvinguts a l&#8217;Associaci\u00f3 de Viola de Roda de Catalunya, una entitat que neix amb la passi\u00f3 per promoure i difondre aquest instrument \u00fanic al llarg i ample del territori catal\u00e0. El nostre col\u00b7lectiu est\u00e0 format per una amalgama d&#8217;entusiastes, des de m\u00fasics profesionals amb experi\u00e8ncia fins a aficionats apassionats, units pel nostre amor compartit cap a la viola de roda. Amb un comprom\u00eds profund, ens dediquem a conscienciar i donar visibilitat a aquesta joia musical, establint col\u00b7laboracions amb escoles de m\u00fasica i particulars que comparteixen la nostra passi\u00f3.<\/p>\n<p>L&#8217;Associaci\u00f3 de Viola de Roda de Catalunya \u00e9s m\u00e9s que una entitat, \u00e9s un punt de trobada, una comunitat per a tots aquells que estimen i desitgen contribuir al creixement i l&#8217;\u00e8xit de la viola de roda a Catalunya. Us convidem a explorar amb nosaltres el ric m\u00f3n d&#8217;aquest instrument i a unir-vos a la nostra causa.<\/p>\n","protected":false},"excerpt":{"rendered":"<p>Benvinguts a l&#8217;Associaci\u00f3 de Viola de Roda de Catalunya, una entitat que neix amb la passi\u00f3 per promoure i difondre [&hellip;]<\/p>\n","protected":false},"author":1,"featured_media":0,"parent":0,"menu_order":0,"comment_status":"closed","ping_status":"closed","template":"","meta":[],"_links":{"self":[{"href":"https:\/\/violaderoda.cat\/index.php\/wp-json\/wp\/v2\/pages\/16"}],"collection":[{"href":"https:\/\/violaderoda.cat\/index.php\/wp-json\/wp\/v2\/pages"}],"about":[{"href":"https:\/\/violaderoda.cat\/index.php\/wp-json\/wp\/v2\/types\/page"}],"author":[{"embeddable":true,"href":"https:\/\/violaderoda.cat\/index.php\/wp-json\/wp\/v2\/users\/1"}],"replies":[{"embeddable":true,"href":"https:\/\/violaderoda.cat\/index.php\/wp-json\/wp\/v2\/comments?post=16"}],"version-history":[{"count":3,"href":"https:\/\/violaderoda.cat\/index.php\/wp-json\/wp\/v2\/pages\/16\/revisions"}],"predecessor-version":[{"id":208,"href":"https:\/\/violaderoda.cat\/index.php\/wp-json\/wp\/v2\/pages\/16\/revisions\/208"}],"wp:attachment":[{"href":"https:\/\/violaderoda.cat\/index.php\/wp-json\/wp\/v2\/media?parent=16"}],"curies":[{"name":"wp","href":"https:\/\/api.w.org\/{rel}","templated":true}]}}