{"id":20,"date":"2023-05-08T15:35:57","date_gmt":"2023-05-08T15:35:57","guid":{"rendered":"https:\/\/violaderoda.cat\/?page_id=20"},"modified":"2023-11-14T09:10:21","modified_gmt":"2023-11-14T09:10:21","slug":"estatuts","status":"publish","type":"page","link":"https:\/\/violaderoda.cat\/index.php\/estatuts\/","title":{"rendered":"Estatuts"},"content":{"rendered":"<p>Us donem la benvinguda a l&#8217;apartat d&#8217;Estatuts de l&#8217;Associaci\u00f3 de Viola de Roda de Catalunya, el marc normatiu que defineix i regula la nostra organitzaci\u00f3. A trav\u00e9s d&#8217;aquest document, establim les bases i els principis que regeixen les nostres activitats, refor\u00e7ant la nostra missi\u00f3 de promoure i difondre la cultura i la pr\u00e0ctica de la viola de roda a Catalunya. \u00c9s un punt de refer\u00e8ncia essencial per entendre la nostra estructura, objectius i els drets i deures dels nostres membres. Aprofundiu en la nostra dedicaci\u00f3 a aquest instrument fascinant mitjan\u00e7ant la lectura dels nostres Estatuts.<\/p>\n<p>&nbsp;<\/p>\n<p><a href=\"https:\/\/violaderoda.cat\/wp-content\/uploads\/2023\/11\/ESTATUTS.pdf\">&#8212;&gt; Clica aqui i Llegeix els estatus de la AVRC &lt;&#8212;<\/a><\/p>\n","protected":false},"excerpt":{"rendered":"<p>Us donem la benvinguda a l&#8217;apartat d&#8217;Estatuts de l&#8217;Associaci\u00f3 de Viola de Roda de Catalunya, el marc normatiu que defineix [&hellip;]<\/p>\n","protected":false},"author":1,"featured_media":0,"parent":0,"menu_order":0,"comment_status":"closed","ping_status":"closed","template":"","meta":[],"_links":{"self":[{"href":"https:\/\/violaderoda.cat\/index.php\/wp-json\/wp\/v2\/pages\/20"}],"collection":[{"href":"https:\/\/violaderoda.cat\/index.php\/wp-json\/wp\/v2\/pages"}],"about":[{"href":"https:\/\/violaderoda.cat\/index.php\/wp-json\/wp\/v2\/types\/page"}],"author":[{"embeddable":true,"href":"https:\/\/violaderoda.cat\/index.php\/wp-json\/wp\/v2\/users\/1"}],"replies":[{"embeddable":true,"href":"https:\/\/violaderoda.cat\/index.php\/wp-json\/wp\/v2\/comments?post=20"}],"version-history":[{"count":3,"href":"https:\/\/violaderoda.cat\/index.php\/wp-json\/wp\/v2\/pages\/20\/revisions"}],"predecessor-version":[{"id":206,"href":"https:\/\/violaderoda.cat\/index.php\/wp-json\/wp\/v2\/pages\/20\/revisions\/206"}],"wp:attachment":[{"href":"https:\/\/violaderoda.cat\/index.php\/wp-json\/wp\/v2\/media?parent=20"}],"curies":[{"name":"wp","href":"https:\/\/api.w.org\/{rel}","templated":true}]}}